{"id":219,"date":"2022-05-26T14:45:11","date_gmt":"2022-05-26T12:45:11","guid":{"rendered":"https:\/\/www.collectif-adn.net\/?page_id=219"},"modified":"2022-05-26T15:04:49","modified_gmt":"2022-05-26T13:04:49","slug":"nous-contacter","status":"publish","type":"page","link":"https:\/\/www.collectif-adn.net\/?page_id=219","title":{"rendered":"Nous contacter"},"content":{"rendered":"\n<p>Si vous souhaitez nous contacter, ou recevoir des informations sur nos projets, merci de renseigner ce formulaire.<\/p>\n\n\n\n<p style=\"font-size:12px\"><em>En cochant \u00ab\u00a0Oui\u00a0\u00bb \u00e0 l&rsquo;inscription \u00e0 la lettre d&rsquo;information, vous acceptez de recevoir des informations du collectif ADN sur nos diff\u00e9rents projets. Vos nom, pr\u00e9nom et adresse seront stock\u00e9es dans notre syst\u00e8me d&rsquo;envoi de newsletter et ne feront l&rsquo;objet d&rsquo;aucune communication \u00e0 un tiers. Vous pouvez vous d\u00e9sinscrire, demander \u00e0 v\u00e9rifier ou modifier vos donn\u00e9es \u00e0 tout moment, en nous en faisant la demande par ce m\u00eame formulaire. Consultez le site cnil.fr pour plus d\u2019informations sur vos droits.<\/em><\/p>\n\n\n\n<div class=\"wp-block-contact-form-7-contact-form-selector\">\n<div class=\"wpcf7 no-js\" id=\"wpcf7-f218-o1\" lang=\"fr-FR\" dir=\"ltr\">\n<div class=\"screen-reader-response\"><p role=\"status\" aria-live=\"polite\" aria-atomic=\"true\"><\/p> <ul><\/ul><\/div>\n<form action=\"\/index.php?rest_route=%2Fwp%2Fv2%2Fpages%2F219#wpcf7-f218-o1\" method=\"post\" class=\"wpcf7-form init\" aria-label=\"Formulaire de contact\" novalidate=\"novalidate\" data-status=\"init\">\n<div style=\"display: none;\">\n<input type=\"hidden\" name=\"_wpcf7\" value=\"218\" \/>\n<input type=\"hidden\" name=\"_wpcf7_version\" value=\"5.7.7\" \/>\n<input type=\"hidden\" name=\"_wpcf7_locale\" value=\"fr_FR\" \/>\n<input type=\"hidden\" name=\"_wpcf7_unit_tag\" value=\"wpcf7-f218-o1\" \/>\n<input type=\"hidden\" name=\"_wpcf7_container_post\" value=\"0\" \/>\n<input type=\"hidden\" name=\"_wpcf7_posted_data_hash\" value=\"\" \/>\n<\/div>\n<p><label> Vos nom et pr\u00e9nom<br \/>\n<span class=\"wpcf7-form-control-wrap\" data-name=\"your-name\"><input size=\"40\" class=\"wpcf7-form-control wpcf7-text wpcf7-validates-as-required\" aria-required=\"true\" aria-invalid=\"false\" value=\"\" type=\"text\" name=\"your-name\" \/><\/span> <\/label>\n<\/p>\n<p><label> Votre e-mail<br \/>\n<span class=\"wpcf7-form-control-wrap\" data-name=\"your-email\"><input size=\"40\" class=\"wpcf7-form-control wpcf7-text wpcf7-email wpcf7-validates-as-required wpcf7-validates-as-email\" aria-required=\"true\" aria-invalid=\"false\" value=\"\" type=\"email\" name=\"your-email\" \/><\/span> <\/label>\n<\/p>\n<p>Souhaitez-vous \u00eatre inform\u00e9 de nos projets ?<br \/>\n<span class=\"wpcf7-form-control-wrap\" data-name=\"newsletter\"><span class=\"wpcf7-form-control wpcf7-checkbox wpcf7-validates-as-required\"><span class=\"wpcf7-list-item first\"><label><input type=\"checkbox\" name=\"newsletter[]\" value=\"Oui\" \/><span class=\"wpcf7-list-item-label\">Oui<\/span><\/label><\/span><span class=\"wpcf7-list-item last\"><label><input type=\"checkbox\" name=\"newsletter[]\" value=\"Non\" \/><span class=\"wpcf7-list-item-label\">Non<\/span><\/label><\/span><\/span><\/span>\n<\/p>\n<p><label> Votre message (facultatif)<br \/>\n<span class=\"wpcf7-form-control-wrap\" data-name=\"your-message\"><textarea cols=\"40\" rows=\"10\" class=\"wpcf7-form-control wpcf7-textarea\" aria-invalid=\"false\" name=\"your-message\"><\/textarea><\/span> <\/label>\n<\/p>\n<p><input class=\"wpcf7-form-control has-spinner wpcf7-submit\" type=\"submit\" value=\"Envoyer\" \/>\n<\/p><div class=\"wpcf7-response-output\" aria-hidden=\"true\"><\/div>\n<\/form>\n<\/div>\n<\/div>\n","protected":false},"excerpt":{"rendered":"<p>Si vous souhaitez nous contacter, ou recevoir des informations sur nos projets, merci de renseigner ce formulaire. En cochant \u00ab\u00a0Oui\u00a0\u00bb \u00e0 l&rsquo;inscription \u00e0 la lettre d&rsquo;information, vous acceptez de recevoir des informations du collectif ADN sur nos diff\u00e9rents projets. Vos nom, pr\u00e9nom et adresse seront stock\u00e9es dans notre syst\u00e8me d&rsquo;envoi de newsletter et ne feront&#8230;<\/p>\n","protected":false},"author":1,"featured_media":0,"parent":0,"menu_order":0,"comment_status":"closed","ping_status":"closed","template":"","meta":{"_ti_tpc_template_sync":false,"_ti_tpc_template_id":"","footnotes":""},"_links":{"self":[{"href":"https:\/\/www.collectif-adn.net\/index.php?rest_route=\/wp\/v2\/pages\/219"}],"collection":[{"href":"https:\/\/www.collectif-adn.net\/index.php?rest_route=\/wp\/v2\/pages"}],"about":[{"href":"https:\/\/www.collectif-adn.net\/index.php?rest_route=\/wp\/v2\/types\/page"}],"author":[{"embeddable":true,"href":"https:\/\/www.collectif-adn.net\/index.php?rest_route=\/wp\/v2\/users\/1"}],"replies":[{"embeddable":true,"href":"https:\/\/www.collectif-adn.net\/index.php?rest_route=%2Fwp%2Fv2%2Fcomments&post=219"}],"version-history":[{"count":2,"href":"https:\/\/www.collectif-adn.net\/index.php?rest_route=\/wp\/v2\/pages\/219\/revisions"}],"predecessor-version":[{"id":223,"href":"https:\/\/www.collectif-adn.net\/index.php?rest_route=\/wp\/v2\/pages\/219\/revisions\/223"}],"wp:attachment":[{"href":"https:\/\/www.collectif-adn.net\/index.php?rest_route=%2Fwp%2Fv2%2Fmedia&parent=219"}],"curies":[{"name":"wp","href":"https:\/\/api.w.org\/{rel}","templated":true}]}}